{"id":2055,"date":"2026-03-10T10:39:27","date_gmt":"2026-03-10T08:39:27","guid":{"rendered":"https:\/\/panagiotisn72.sg-host.com\/datenschutzrichtlinie\/"},"modified":"2026-03-27T14:31:24","modified_gmt":"2026-03-27T12:31:24","slug":"datenschutzrichtlinie","status":"publish","type":"page","link":"https:\/\/assemblyhotel.gr\/de\/datenschutzrichtlinie\/","title":{"rendered":"Datenschutzrichtlinie"},"content":{"rendered":"\t\t<div data-elementor-type=\"wp-page\" data-elementor-id=\"2055\" class=\"elementor elementor-2055 elementor-3\" data-elementor-post-type=\"page\">\n\t\t\t\t<div class=\"elementor-element elementor-element-3396960d e-flex e-con-boxed e-con e-parent\" data-id=\"3396960d\" data-element_type=\"container\" data-e-type=\"container\" data-settings=\"{&quot;background_background&quot;:&quot;classic&quot;}\">\n\t\t\t\t\t<div class=\"e-con-inner\">\n\t\t\t\t<div class=\"elementor-element elementor-element-e614413 elementor-invisible elementor-widget elementor-widget-heading\" data-id=\"e614413\" data-element_type=\"widget\" data-e-type=\"widget\" data-settings=\"{&quot;_animation&quot;:&quot;fadeIn&quot;,&quot;_animation_mobile&quot;:&quot;none&quot;,&quot;_animation_delay&quot;:300}\" data-widget_type=\"heading.default\">\n\t\t\t\t\t<h2 class=\"elementor-heading-title elementor-size-default\">Datenschutzrichtlinie<\/h2>\t\t\t\t<\/div>\n\t\t\t\t<div class=\"elementor-element elementor-element-36157652 elementor-invisible elementor-widget elementor-widget-text-editor\" data-id=\"36157652\" data-element_type=\"widget\" data-e-type=\"widget\" data-settings=\"{&quot;_animation&quot;:&quot;fadeIn&quot;,&quot;_animation_delay&quot;:300}\" data-widget_type=\"text-editor.default\">\n\t\t\t\t\t\t\t\t\t<p>H E\u03c4\u03b1\u03b9\u03c1\u03af\u03b1 \u03b9\u03b4\u03b9\u03bf\u03ba\u03c4\u03b7\u03c3\u03af\u03b1\u03c2 \u03ba\u03b1\u03b9 \u03b4\u03b9\u03b1\u03c7\u03b5\u03af\u03c1\u03b9\u03c3\u03b7\u03c2 \u03c4\u03b7\u03c2 \u03b9\u03c3\u03c4\u03bf\u03c3\u03b5\u03bb\u03af\u03b4\u03b1\u03c2 <a href=\"http:\/\/www.assemblyhotel.gr\">www.assemblyhotel.gr <\/a>\u03b4\u03b5\u03c3\u03bc\u03b5\u03cd\u03b5\u03c4\u03b1\u03b9 Das ist nicht der Fall.<\/p><p>Wenn Sie sich f\u00fcr eine bestimmte Zeit entscheiden, m\u00fcssen Sie sich die Zeit nehmen Sie haben die M\u00f6glichkeit, Ihre Daten zu l\u00f6schen \u03b5\u03bb\u03bb\u03b7\u03bd\u03b9\u03ba\u03bf\u03cd \u03bd\u03cc\u03bc\u03bf\u03c5 (\u039d. 2472\/1997). \u03b4\u03b5\u03b4\u03bf\u03bc\u03ad\u03bd\u03c9\u03bd \u03c0\u03c1\u03bf\u03c3\u03c9\u03c0\u03b9\u03ba\u03bf\u03cd \u03c7\u03b1\u03c1\u03b1\u03ba\u03c4\u03ae\u03c1\u03b1 \u03cc\u03c0\u03c9\u03c2 \u03ad\u03c7\u03b5\u03b9 \u03b5\u03c1\u03bc\u03b7\u03bd\u03b5\u03c5\u03b8\u03b5\u03af \u03bc\u03b5 \u03c4\u03b9\u03c2 \u03b1\u03c0\u03bf\u03c6\u03ac\u03c3\u03b5\u03b9\u03c2 Sie k\u00f6nnen Ihr Ger\u00e4t nicht mit einem anderen Ger\u00e4t verbinden \u03c7\u03b1\u03c1\u03b1\u03ba\u03c4\u03ae\u03c1\u03b1. \u0395\u03c0\u03af\u03c3\u03b7\u03c2 \u03a0. \u0394. 207\/1998 und 79\/2000, 8. September 2000. 2819\/2000. 3471\/2006 Sie k\u00f6nnen Ihre Daten nicht l\u00f6schen Sie k\u00f6nnen Ihre Daten nicht \u00e4ndern oder nicht 1946\/95\/97\/66\/97\/66\/97\/66\/97\/66\/97\/66) Sie k\u00f6nnen Ihre Daten nicht \u00e4ndern \u03c3\u03ae\u03bc\u03b5\u03c1\u03b1 Das ist nicht der Fall.<\/p><p>Ich bin nicht in der Lage, dies zu tun Sie haben die M\u00f6glichkeit, Ihre Daten zu l\u00f6schen. \u00dcblicherweise ist das Problem nicht gel\u00f6st \u03ae \u03cc\u03bb\u03b5\u03c2 \u03b1\u03c0\u03cc \u03c4\u03b9\u03c2 \u03b1\u03ba\u03cc\u03bb\u03bf\u03c5\u03b8\u03b5\u03c2 \u03a0\u03c1\u03bf\u03c3\u03c9\u03c0\u03b9\u03ba\u03ad\u03c2 \u03a0\u03bb\u03b7\u03c1\u03bf\u03c6\u03bf\u03c1\u03af\u03b5\u03c2: \u03cc\u03bd\u03bf\u03bc\u03b1 \u03ba\u03b1\u03b9 \u03b5\u03c0\u03ce\u03bd\u03c5\u03bc\u03bf, \u03b4\u03b9\u03b5\u03cd\u03b8\u03c5\u03bd\u03c3\u03b7, \u03b4\u03b9\u03b5\u03cd\u03b8\u03c5\u03bd\u03c3\u03b7 \u03b7\u03bb\u03b5\u03ba\u03c4\u03c1\u03bf\u03bd\u03b9\u03ba\u03bf\u03cd \u03c4\u03b1\u03c7\u03c5\u03b4\u03c1\u03bf\u03bc\u03b5\u03af\u03bf\u03c5, \u03b7\u03bc\u03b5\u03c1\u03bf\u03bc\u03b7\u03bd\u03af\u03b1 \u03b3\u03b5\u03bd\u03bd\u03ae\u03c3\u03b5\u03c9\u03c2, \u03b1\u03c1\u03b9\u03b8\u03bc\u03cc \u03c4\u03b7\u03bb\u03b5\u03c6\u03ce\u03bd\u03bf\u03c5 \u03ba\u03b1\u03b9 \u03c0\u03bb\u03b7\u03c1\u03bf\u03c6\u03bf\u03c1\u03af\u03b5\u03c2 \u03bc\u03b7\u03c7\u03b1\u03bd\u03b9\u03c3\u03bc\u03bf\u03cd Bitte beachten Sie, dass dies nicht der Fall ist. <\/p><p> <\/p><p><strong>Nutzung und L\u00f6schung personenbezogener Daten <\/strong><\/p><p>Alle personenbezogenen Daten werden gem\u00e4\u00df Gesetz 2742\/1997 und allen anderen anwendbaren Gesetzen und\/oder Vorschriften gespeichert.<br>Wir verwenden personenbezogene Daten zur Zimmerreservierung auf <a href=\"http:\/\/www.assemblyhotel.gr\">www.assemblyhotel.gr<\/a>. Es entspricht unserer Unternehmensrichtlinie, personenbezogene Daten nicht an andere Organisationen zu verkaufen oder weiterzugeben. <\/p>\t\t\t\t\t\t\t\t<\/div>\n\t\t\t\t\t<\/div>\n\t\t\t\t<\/div>\n\t\t\t\t<\/div>\n\t\t","protected":false},"excerpt":{"rendered":"<p>Datenschutzrichtlinie H E\u03c4\u03b1\u03b9\u03c1\u03af\u03b1 \u03b9\u03b4\u03b9\u03bf\u03ba\u03c4\u03b7\u03c3\u03af\u03b1\u03c2 \u03ba\u03b1\u03b9 \u03b4\u03b9\u03b1\u03c7\u03b5\u03af\u03c1\u03b9\u03c3\u03b7\u03c2 \u03c4\u03b7\u03c2 \u03b9\u03c3\u03c4\u03bf\u03c3\u03b5\u03bb\u03af\u03b4\u03b1\u03c2 www.assemblyhotel.gr \u03b4\u03b5\u03c3\u03bc\u03b5\u03cd\u03b5\u03c4\u03b1\u03b9 Das ist nicht der Fall. Wenn Sie sich f\u00fcr eine bestimmte Zeit entscheiden, m\u00fcssen Sie sich die Zeit nehmen Sie haben die M\u00f6glichkeit, Ihre Daten zu l\u00f6schen \u03b5\u03bb\u03bb\u03b7\u03bd\u03b9\u03ba\u03bf\u03cd \u03bd\u03cc\u03bc\u03bf\u03c5 (\u039d. 2472\/1997). \u03b4\u03b5\u03b4\u03bf\u03bc\u03ad\u03bd\u03c9\u03bd \u03c0\u03c1\u03bf\u03c3\u03c9\u03c0\u03b9\u03ba\u03bf\u03cd \u03c7\u03b1\u03c1\u03b1\u03ba\u03c4\u03ae\u03c1\u03b1 \u03cc\u03c0\u03c9\u03c2 \u03ad\u03c7\u03b5\u03b9 \u03b5\u03c1\u03bc\u03b7\u03bd\u03b5\u03c5\u03b8\u03b5\u03af \u03bc\u03b5 \u03c4\u03b9\u03c2 \u03b1\u03c0\u03bf\u03c6\u03ac\u03c3\u03b5\u03b9\u03c2 Sie k\u00f6nnen Ihr Ger\u00e4t nicht [&hellip;]<\/p>\n","protected":false},"author":1,"featured_media":0,"parent":0,"menu_order":0,"comment_status":"closed","ping_status":"open","template":"","meta":{"footnotes":""},"class_list":["post-2055","page","type-page","status-publish","hentry"],"yoast_head":"<!-- This site is optimized with the Yoast SEO plugin v27.4 - https:\/\/yoast.com\/product\/yoast-seo-wordpress\/ -->\n<title>Datenschutzrichtlinie - Assembly Hotel<\/title>\n<meta name=\"robots\" content=\"index, follow, max-snippet:-1, max-image-preview:large, max-video-preview:-1\" \/>\n<link rel=\"canonical\" href=\"https:\/\/assemblyhotel.gr\/privacy-policy\/\" \/>\n<meta property=\"og:locale\" content=\"de_DE\" \/>\n<meta property=\"og:type\" content=\"article\" \/>\n<meta property=\"og:title\" content=\"Datenschutzrichtlinie - Assembly Hotel\" \/>\n<meta property=\"og:description\" content=\"Datenschutzrichtlinie H E\u03c4\u03b1\u03b9\u03c1\u03af\u03b1 \u03b9\u03b4\u03b9\u03bf\u03ba\u03c4\u03b7\u03c3\u03af\u03b1\u03c2 \u03ba\u03b1\u03b9 \u03b4\u03b9\u03b1\u03c7\u03b5\u03af\u03c1\u03b9\u03c3\u03b7\u03c2 \u03c4\u03b7\u03c2 \u03b9\u03c3\u03c4\u03bf\u03c3\u03b5\u03bb\u03af\u03b4\u03b1\u03c2 www.assemblyhotel.gr \u03b4\u03b5\u03c3\u03bc\u03b5\u03cd\u03b5\u03c4\u03b1\u03b9 Das ist nicht der Fall. Wenn Sie sich f\u00fcr eine bestimmte Zeit entscheiden, m\u00fcssen Sie sich die Zeit nehmen Sie haben die M\u00f6glichkeit, Ihre Daten zu l\u00f6schen \u03b5\u03bb\u03bb\u03b7\u03bd\u03b9\u03ba\u03bf\u03cd \u03bd\u03cc\u03bc\u03bf\u03c5 (\u039d. 2472\/1997). \u03b4\u03b5\u03b4\u03bf\u03bc\u03ad\u03bd\u03c9\u03bd \u03c0\u03c1\u03bf\u03c3\u03c9\u03c0\u03b9\u03ba\u03bf\u03cd \u03c7\u03b1\u03c1\u03b1\u03ba\u03c4\u03ae\u03c1\u03b1 \u03cc\u03c0\u03c9\u03c2 \u03ad\u03c7\u03b5\u03b9 \u03b5\u03c1\u03bc\u03b7\u03bd\u03b5\u03c5\u03b8\u03b5\u03af \u03bc\u03b5 \u03c4\u03b9\u03c2 \u03b1\u03c0\u03bf\u03c6\u03ac\u03c3\u03b5\u03b9\u03c2 Sie k\u00f6nnen Ihr Ger\u00e4t nicht [&hellip;]\" \/>\n<meta property=\"og:url\" content=\"https:\/\/assemblyhotel.gr\/privacy-policy\/\" \/>\n<meta property=\"og:site_name\" content=\"Assembly Hotel\" \/>\n<meta property=\"article:modified_time\" content=\"2026-03-27T12:31:24+00:00\" \/>\n<meta name=\"twitter:card\" content=\"summary_large_image\" \/>\n<meta name=\"twitter:label1\" content=\"Gesch\u00e4tzte Lesezeit\" \/>\n\t<meta name=\"twitter:data1\" content=\"1\u00a0Minute\" \/>\n<script type=\"application\/ld+json\" class=\"yoast-schema-graph\">{\"@context\":\"https:\\\/\\\/schema.org\",\"@graph\":[{\"@type\":\"WebPage\",\"@id\":\"https:\\\/\\\/assemblyhotel.gr\\\/privacy-policy\\\/\",\"url\":\"https:\\\/\\\/assemblyhotel.gr\\\/privacy-policy\\\/\",\"name\":\"Datenschutzrichtlinie - Assembly Hotel\",\"isPartOf\":{\"@id\":\"https:\\\/\\\/assemblyhotel.gr\\\/#website\"},\"datePublished\":\"2026-03-10T08:39:27+00:00\",\"dateModified\":\"2026-03-27T12:31:24+00:00\",\"breadcrumb\":{\"@id\":\"https:\\\/\\\/assemblyhotel.gr\\\/privacy-policy\\\/#breadcrumb\"},\"inLanguage\":\"de\",\"potentialAction\":[{\"@type\":\"ReadAction\",\"target\":[\"https:\\\/\\\/assemblyhotel.gr\\\/privacy-policy\\\/\"]}]},{\"@type\":\"BreadcrumbList\",\"@id\":\"https:\\\/\\\/assemblyhotel.gr\\\/privacy-policy\\\/#breadcrumb\",\"itemListElement\":[{\"@type\":\"ListItem\",\"position\":1,\"name\":\"\u0391\u03c1\u03c7\u03b9\u03ba\u03ae\",\"item\":\"https:\\\/\\\/assemblyhotel.gr\\\/de\\\/heim\\\/\"},{\"@type\":\"ListItem\",\"position\":2,\"name\":\"Datenschutzrichtlinie\"}]},{\"@type\":\"WebSite\",\"@id\":\"https:\\\/\\\/assemblyhotel.gr\\\/#website\",\"url\":\"https:\\\/\\\/assemblyhotel.gr\\\/\",\"name\":\"Assembly Hotel\",\"description\":\"\",\"publisher\":{\"@id\":\"https:\\\/\\\/assemblyhotel.gr\\\/#organization\"},\"potentialAction\":[{\"@type\":\"SearchAction\",\"target\":{\"@type\":\"EntryPoint\",\"urlTemplate\":\"https:\\\/\\\/assemblyhotel.gr\\\/?s={search_term_string}\"},\"query-input\":{\"@type\":\"PropertyValueSpecification\",\"valueRequired\":true,\"valueName\":\"search_term_string\"}}],\"inLanguage\":\"de\"},{\"@type\":\"Organization\",\"@id\":\"https:\\\/\\\/assemblyhotel.gr\\\/#organization\",\"name\":\"Assembly Hotel\",\"url\":\"https:\\\/\\\/assemblyhotel.gr\\\/\",\"logo\":{\"@type\":\"ImageObject\",\"inLanguage\":\"de\",\"@id\":\"https:\\\/\\\/assemblyhotel.gr\\\/#\\\/schema\\\/logo\\\/image\\\/\",\"url\":\"https:\\\/\\\/assemblyhotel.gr\\\/wp-content\\\/uploads\\\/2026\\\/03\\\/cropped-assembly-logo.png\",\"contentUrl\":\"https:\\\/\\\/assemblyhotel.gr\\\/wp-content\\\/uploads\\\/2026\\\/03\\\/cropped-assembly-logo.png\",\"width\":1200,\"height\":703,\"caption\":\"Assembly Hotel\"},\"image\":{\"@id\":\"https:\\\/\\\/assemblyhotel.gr\\\/#\\\/schema\\\/logo\\\/image\\\/\"}}]}<\/script>\n<!-- \/ Yoast SEO plugin. -->","yoast_head_json":{"title":"Datenschutzrichtlinie - Assembly Hotel","robots":{"index":"index","follow":"follow","max-snippet":"max-snippet:-1","max-image-preview":"max-image-preview:large","max-video-preview":"max-video-preview:-1"},"canonical":"https:\/\/assemblyhotel.gr\/privacy-policy\/","og_locale":"de_DE","og_type":"article","og_title":"Datenschutzrichtlinie - Assembly Hotel","og_description":"Datenschutzrichtlinie H E\u03c4\u03b1\u03b9\u03c1\u03af\u03b1 \u03b9\u03b4\u03b9\u03bf\u03ba\u03c4\u03b7\u03c3\u03af\u03b1\u03c2 \u03ba\u03b1\u03b9 \u03b4\u03b9\u03b1\u03c7\u03b5\u03af\u03c1\u03b9\u03c3\u03b7\u03c2 \u03c4\u03b7\u03c2 \u03b9\u03c3\u03c4\u03bf\u03c3\u03b5\u03bb\u03af\u03b4\u03b1\u03c2 www.assemblyhotel.gr \u03b4\u03b5\u03c3\u03bc\u03b5\u03cd\u03b5\u03c4\u03b1\u03b9 Das ist nicht der Fall. Wenn Sie sich f\u00fcr eine bestimmte Zeit entscheiden, m\u00fcssen Sie sich die Zeit nehmen Sie haben die M\u00f6glichkeit, Ihre Daten zu l\u00f6schen \u03b5\u03bb\u03bb\u03b7\u03bd\u03b9\u03ba\u03bf\u03cd \u03bd\u03cc\u03bc\u03bf\u03c5 (\u039d. 2472\/1997). \u03b4\u03b5\u03b4\u03bf\u03bc\u03ad\u03bd\u03c9\u03bd \u03c0\u03c1\u03bf\u03c3\u03c9\u03c0\u03b9\u03ba\u03bf\u03cd \u03c7\u03b1\u03c1\u03b1\u03ba\u03c4\u03ae\u03c1\u03b1 \u03cc\u03c0\u03c9\u03c2 \u03ad\u03c7\u03b5\u03b9 \u03b5\u03c1\u03bc\u03b7\u03bd\u03b5\u03c5\u03b8\u03b5\u03af \u03bc\u03b5 \u03c4\u03b9\u03c2 \u03b1\u03c0\u03bf\u03c6\u03ac\u03c3\u03b5\u03b9\u03c2 Sie k\u00f6nnen Ihr Ger\u00e4t nicht [&hellip;]","og_url":"https:\/\/assemblyhotel.gr\/privacy-policy\/","og_site_name":"Assembly Hotel","article_modified_time":"2026-03-27T12:31:24+00:00","twitter_card":"summary_large_image","twitter_misc":{"Gesch\u00e4tzte Lesezeit":"1\u00a0Minute"},"schema":{"@context":"https:\/\/schema.org","@graph":[{"@type":"WebPage","@id":"https:\/\/assemblyhotel.gr\/privacy-policy\/","url":"https:\/\/assemblyhotel.gr\/privacy-policy\/","name":"Datenschutzrichtlinie - Assembly Hotel","isPartOf":{"@id":"https:\/\/assemblyhotel.gr\/#website"},"datePublished":"2026-03-10T08:39:27+00:00","dateModified":"2026-03-27T12:31:24+00:00","breadcrumb":{"@id":"https:\/\/assemblyhotel.gr\/privacy-policy\/#breadcrumb"},"inLanguage":"de","potentialAction":[{"@type":"ReadAction","target":["https:\/\/assemblyhotel.gr\/privacy-policy\/"]}]},{"@type":"BreadcrumbList","@id":"https:\/\/assemblyhotel.gr\/privacy-policy\/#breadcrumb","itemListElement":[{"@type":"ListItem","position":1,"name":"\u0391\u03c1\u03c7\u03b9\u03ba\u03ae","item":"https:\/\/assemblyhotel.gr\/de\/heim\/"},{"@type":"ListItem","position":2,"name":"Datenschutzrichtlinie"}]},{"@type":"WebSite","@id":"https:\/\/assemblyhotel.gr\/#website","url":"https:\/\/assemblyhotel.gr\/","name":"Assembly Hotel","description":"","publisher":{"@id":"https:\/\/assemblyhotel.gr\/#organization"},"potentialAction":[{"@type":"SearchAction","target":{"@type":"EntryPoint","urlTemplate":"https:\/\/assemblyhotel.gr\/?s={search_term_string}"},"query-input":{"@type":"PropertyValueSpecification","valueRequired":true,"valueName":"search_term_string"}}],"inLanguage":"de"},{"@type":"Organization","@id":"https:\/\/assemblyhotel.gr\/#organization","name":"Assembly Hotel","url":"https:\/\/assemblyhotel.gr\/","logo":{"@type":"ImageObject","inLanguage":"de","@id":"https:\/\/assemblyhotel.gr\/#\/schema\/logo\/image\/","url":"https:\/\/assemblyhotel.gr\/wp-content\/uploads\/2026\/03\/cropped-assembly-logo.png","contentUrl":"https:\/\/assemblyhotel.gr\/wp-content\/uploads\/2026\/03\/cropped-assembly-logo.png","width":1200,"height":703,"caption":"Assembly Hotel"},"image":{"@id":"https:\/\/assemblyhotel.gr\/#\/schema\/logo\/image\/"}}]}},"_links":{"self":[{"href":"https:\/\/assemblyhotel.gr\/de\/wp-json\/wp\/v2\/pages\/2055","targetHints":{"allow":["GET"]}}],"collection":[{"href":"https:\/\/assemblyhotel.gr\/de\/wp-json\/wp\/v2\/pages"}],"about":[{"href":"https:\/\/assemblyhotel.gr\/de\/wp-json\/wp\/v2\/types\/page"}],"author":[{"embeddable":true,"href":"https:\/\/assemblyhotel.gr\/de\/wp-json\/wp\/v2\/users\/1"}],"replies":[{"embeddable":true,"href":"https:\/\/assemblyhotel.gr\/de\/wp-json\/wp\/v2\/comments?post=2055"}],"version-history":[{"count":1,"href":"https:\/\/assemblyhotel.gr\/de\/wp-json\/wp\/v2\/pages\/2055\/revisions"}],"predecessor-version":[{"id":2056,"href":"https:\/\/assemblyhotel.gr\/de\/wp-json\/wp\/v2\/pages\/2055\/revisions\/2056"}],"wp:attachment":[{"href":"https:\/\/assemblyhotel.gr\/de\/wp-json\/wp\/v2\/media?parent=2055"}],"curies":[{"name":"wp","href":"https:\/\/api.w.org\/{rel}","templated":true}]}}