{"id":2051,"date":"2026-03-11T11:25:45","date_gmt":"2026-03-11T09:25:45","guid":{"rendered":"https:\/\/panagiotisn72.sg-host.com\/veranstaltungshalle\/"},"modified":"2026-03-27T14:27:28","modified_gmt":"2026-03-27T12:27:28","slug":"veranstaltungshalle","status":"publish","type":"page","link":"https:\/\/assemblyhotel.gr\/de\/veranstaltungshalle\/","title":{"rendered":"Veranstaltungshalle"},"content":{"rendered":"\t\t<div data-elementor-type=\"wp-page\" data-elementor-id=\"2051\" class=\"elementor elementor-2051 elementor-54\" data-elementor-post-type=\"page\">\n\t\t\t\t<div class=\"elementor-element elementor-element-50d45d2 e-flex e-con-boxed e-con e-parent\" data-id=\"50d45d2\" data-element_type=\"container\" data-e-type=\"container\" data-settings=\"{&quot;background_background&quot;:&quot;classic&quot;}\">\n\t\t\t\t\t<div class=\"e-con-inner\">\n\t\t<div class=\"elementor-element elementor-element-155cabd e-con-full e-flex e-con e-child\" data-id=\"155cabd\" data-element_type=\"container\" data-e-type=\"container\">\n\t\t\t\t<div class=\"elementor-element elementor-element-2de9d1b elementor-invisible elementor-widget elementor-widget-heading\" data-id=\"2de9d1b\" data-element_type=\"widget\" data-e-type=\"widget\" data-settings=\"{&quot;_animation&quot;:&quot;fadeIn&quot;,&quot;_animation_mobile&quot;:&quot;none&quot;,&quot;_animation_delay&quot;:300}\" data-widget_type=\"heading.default\">\n\t\t\t\t\t<h1 class=\"elementor-heading-title elementor-size-default\">Veranstaltungshalle<\/h1>\t\t\t\t<\/div>\n\t\t\t\t<\/div>\n\t\t\t\t<div class=\"elementor-element elementor-element-0674d48 elementor-hidden-mobile elementor-view-default elementor-invisible elementor-widget elementor-widget-icon\" data-id=\"0674d48\" data-element_type=\"widget\" data-e-type=\"widget\" data-settings=\"{&quot;_animation&quot;:&quot;fadeInDown&quot;,&quot;_animation_mobile&quot;:&quot;none&quot;,&quot;_animation_delay&quot;:600}\" data-widget_type=\"icon.default\">\n\t\t\t\t\t\t\t<div class=\"elementor-icon-wrapper\">\n\t\t\t<a class=\"elementor-icon\" href=\"#section-2\">\n\t\t\t<i aria-hidden=\"true\" class=\"material-icons md-south\"><\/i>\t\t\t<\/a>\n\t\t<\/div>\n\t\t\t\t\t\t<\/div>\n\t\t\t\t\t<\/div>\n\t\t\t\t<\/div>\n\t\t<div class=\"elementor-element elementor-element-6248f23 e-flex e-con-boxed e-con e-parent\" data-id=\"6248f23\" data-element_type=\"container\" data-e-type=\"container\" data-settings=\"{&quot;background_background&quot;:&quot;classic&quot;}\">\n\t\t\t\t\t<div class=\"e-con-inner\">\n\t\t<div class=\"elementor-element elementor-element-fb84d3b e-con-full e-flex e-con e-child\" data-id=\"fb84d3b\" data-element_type=\"container\" data-e-type=\"container\">\n\t\t<div class=\"elementor-element elementor-element-829dc85 e-con-full e-flex e-con e-child\" data-id=\"829dc85\" data-element_type=\"container\" data-e-type=\"container\">\n\t\t<div class=\"elementor-element elementor-element-6299609 e-con-full e-flex elementor-invisible e-con e-child\" data-id=\"6299609\" data-element_type=\"container\" data-e-type=\"container\" data-settings=\"{&quot;animation&quot;:&quot;fadeIn&quot;,&quot;animation_mobile&quot;:&quot;none&quot;}\">\n\t\t\t\t<div class=\"elementor-element elementor-element-86e97e2 elementor-widget elementor-widget-heading\" data-id=\"86e97e2\" data-element_type=\"widget\" data-e-type=\"widget\" data-widget_type=\"heading.default\">\n\t\t\t\t\t<h3 class=\"elementor-heading-title elementor-size-default\">Veranstaltungshalle Assembly<\/h3>\t\t\t\t<\/div>\n\t\t\t\t<div class=\"elementor-element elementor-element-6a1e8fe elementor-widget elementor-widget-text-editor\" data-id=\"6a1e8fe\" data-element_type=\"widget\" data-e-type=\"widget\" data-widget_type=\"text-editor.default\">\n\t\t\t\t\t\t\t\t\t<p>M\u00f6chten Sie Ihre G\u00e4ste nach Ihrer Hochzeit oder der Taufe Ihres Kindes verw\u00f6hnen? Planen Sie eine Feier oder eine Kinderparty? Unser Hotel bietet Ihnen den perfekten Rahmen daf\u00fcr. Mit Platz f\u00fcr 180 Personen k\u00f6nnen Sie in unserem stilvoll eingerichteten Saal speisen oder Cocktails in unserer Hotelbar genie\u00dfen. Auch unsere kleinen G\u00e4ste (ab 6 Jahren) kommen auf ihre Kosten: Sie k\u00f6nnen bei uns Basketball (wetterabh\u00e4ngig), Tischtennis, Vier gewinnt (Riesenversion), Videospiele (Laptop mit Internetanschluss und Wii-Konsole) spielen oder sich von einem Animateur unterhalten lassen.   <\/p>\t\t\t\t\t\t\t\t<\/div>\n\t\t\t\t<div class=\"elementor-element elementor-element-ced9274 elementor-icon-list--layout-traditional elementor-list-item-link-full_width elementor-widget elementor-widget-icon-list\" data-id=\"ced9274\" data-element_type=\"widget\" data-e-type=\"widget\" data-widget_type=\"icon-list.default\">\n\t\t\t\t\t\t\t<ul class=\"elementor-icon-list-items\">\n\t\t\t\t\t\t\t<li class=\"elementor-icon-list-item\">\n\t\t\t\t\t\t\t\t\t\t\t<span class=\"elementor-icon-list-icon\">\n\t\t\t\t\t\t\t<svg aria-hidden=\"true\" class=\"e-font-icon-svg e-fas-angle-right\" viewBox=\"0 0 256 512\" xmlns=\"http:\/\/www.w3.org\/2000\/svg\"><path d=\"M224.3 273l-136 136c-9.4 9.4-24.6 9.4-33.9 0l-22.6-22.6c-9.4-9.4-9.4-24.6 0-33.9l96.4-96.4-96.4-96.4c-9.4-9.4-9.4-24.6 0-33.9L54.3 103c9.4-9.4 24.6-9.4 33.9 0l136 136c9.5 9.4 9.5 24.6.1 34z\"><\/path><\/svg>\t\t\t\t\t\t<\/span>\n\t\t\t\t\t\t\t\t\t\t<span class=\"elementor-icon-list-text\">Angebotspreis f\u00fcr gesellschaftliche Veranstaltungen: 600,00 \u20ac f\u00fcr 50 Personen inklusive Men\u00fc.<\/span>\n\t\t\t\t\t\t\t\t\t<\/li>\n\t\t\t\t\t\t\t\t<li class=\"elementor-icon-list-item\">\n\t\t\t\t\t\t\t\t\t\t\t<span class=\"elementor-icon-list-icon\">\n\t\t\t\t\t\t\t<svg aria-hidden=\"true\" class=\"e-font-icon-svg e-fas-angle-right\" viewBox=\"0 0 256 512\" xmlns=\"http:\/\/www.w3.org\/2000\/svg\"><path d=\"M224.3 273l-136 136c-9.4 9.4-24.6 9.4-33.9 0l-22.6-22.6c-9.4-9.4-9.4-24.6 0-33.9l96.4-96.4-96.4-96.4c-9.4-9.4-9.4-24.6 0-33.9L54.3 103c9.4-9.4 24.6-9.4 33.9 0l136 136c9.5 9.4 9.5 24.6.1 34z\"><\/path><\/svg>\t\t\t\t\t\t<\/span>\n\t\t\t\t\t\t\t\t\t\t<span class=\"elementor-icon-list-text\">Aktionspreis f\u00fcr Kindergeburtstage: 250,00 \u20ac f\u00fcr 50 Personen.<\/span>\n\t\t\t\t\t\t\t\t\t<\/li>\n\t\t\t\t\t\t\t\t<li class=\"elementor-icon-list-item\">\n\t\t\t\t\t\t\t\t\t\t\t<span class=\"elementor-icon-list-icon\">\n\t\t\t\t\t\t\t<svg aria-hidden=\"true\" class=\"e-font-icon-svg e-fas-angle-right\" viewBox=\"0 0 256 512\" xmlns=\"http:\/\/www.w3.org\/2000\/svg\"><path d=\"M224.3 273l-136 136c-9.4 9.4-24.6 9.4-33.9 0l-22.6-22.6c-9.4-9.4-9.4-24.6 0-33.9l96.4-96.4-96.4-96.4c-9.4-9.4-9.4-24.6 0-33.9L54.3 103c9.4-9.4 24.6-9.4 33.9 0l136 136c9.5 9.4 9.5 24.6.1 34z\"><\/path><\/svg>\t\t\t\t\t\t<\/span>\n\t\t\t\t\t\t\t\t\t\t<span class=\"elementor-icon-list-text\">Aktionspreis f\u00fcr Cocktailpartys f\u00fcr Erwachsene: 180,00 \u20ac f\u00fcr 20 Personen.<\/span>\n\t\t\t\t\t\t\t\t\t<\/li>\n\t\t\t\t\t\t<\/ul>\n\t\t\t\t\t\t<\/div>\n\t\t\t\t<div class=\"elementor-element elementor-element-2284946 elementor-widget elementor-widget-text-editor\" data-id=\"2284946\" data-element_type=\"widget\" data-e-type=\"widget\" data-widget_type=\"text-editor.default\">\n\t\t\t\t\t\t\t\t\t<p>Besuchen Sie uns und sehen Sie sich die Einrichtungen unseres Hotels aus der N\u00e4he an. F\u00fcr weitere Informationen wenden Sie sich bitte an Herrn Tsimplis Notis.<\/p>\t\t\t\t\t\t\t\t<\/div>\n\t\t\t\t<\/div>\n\t\t<div class=\"elementor-element elementor-element-84a8ac3 e-con-full e-flex e-con e-child\" data-id=\"84a8ac3\" data-element_type=\"container\" data-e-type=\"container\">\n\t\t\t\t<div class=\"elementor-element elementor-element-49316e7 elementor-widget elementor-widget-gallery\" data-id=\"49316e7\" data-element_type=\"widget\" data-e-type=\"widget\" data-settings=\"{&quot;gallery_layout&quot;:&quot;masonry&quot;,&quot;columns&quot;:2,&quot;gap&quot;:{&quot;unit&quot;:&quot;px&quot;,&quot;size&quot;:20,&quot;sizes&quot;:[]},&quot;image_hover_animation&quot;:&quot;grow&quot;,&quot;lazyload&quot;:&quot;yes&quot;,&quot;columns_tablet&quot;:2,&quot;columns_mobile&quot;:1,&quot;gap_tablet&quot;:{&quot;unit&quot;:&quot;px&quot;,&quot;size&quot;:10,&quot;sizes&quot;:[]},&quot;gap_mobile&quot;:{&quot;unit&quot;:&quot;px&quot;,&quot;size&quot;:10,&quot;sizes&quot;:[]},&quot;link_to&quot;:&quot;file&quot;,&quot;overlay_background&quot;:&quot;yes&quot;,&quot;content_hover_animation&quot;:&quot;fade-in&quot;}\" data-widget_type=\"gallery.default\">\n\t\t\t\t\t\t\t<div class=\"elementor-gallery__container\">\n\t\t\t\t\t\t\t<a class=\"e-gallery-item elementor-gallery-item elementor-animated-content\" href=\"https:\/\/assemblyhotel.gr\/wp-content\/uploads\/2026\/03\/Rest_IMG_9142.jpeg\" data-elementor-open-lightbox=\"yes\" data-elementor-lightbox-slideshow=\"49316e7\" data-elementor-lightbox-title=\"Assembly Event Hall\" data-e-action-hash=\"#elementor-action%3Aaction%3Dlightbox%26settings%3DeyJpZCI6MjA0NiwidXJsIjoiaHR0cHM6XC9cL2Fzc2VtYmx5aG90ZWwuZ3JcL3dwLWNvbnRlbnRcL3VwbG9hZHNcLzIwMjZcLzAzXC9SZXN0X0lNR185MTQyLmpwZWciLCJzbGlkZXNob3ciOiI0OTMxNmU3In0%3D\">\n\t\t\t\t\t<div class=\"e-gallery-image elementor-gallery-item__image\" data-thumbnail=\"https:\/\/assemblyhotel.gr\/wp-content\/uploads\/2026\/03\/Rest_IMG_9142.jpeg\" data-width=\"399\" data-height=\"600\" aria-label=\"Assembly Event Hall\" role=\"img\" ><\/div>\n\t\t\t\t\t\t\t\t\t\t\t<div class=\"elementor-gallery-item__overlay\"><\/div>\n\t\t\t\t\t\t\t\t\t\t\t\t\t\t<\/a>\n\t\t\t\t\t\t\t<a class=\"e-gallery-item elementor-gallery-item elementor-animated-content\" href=\"https:\/\/assemblyhotel.gr\/wp-content\/uploads\/2026\/03\/Rest_IMG_9138.jpeg\" data-elementor-open-lightbox=\"yes\" data-elementor-lightbox-slideshow=\"49316e7\" data-elementor-lightbox-title=\"Assembly Event Hall\" data-e-action-hash=\"#elementor-action%3Aaction%3Dlightbox%26settings%3DeyJpZCI6MjA0NywidXJsIjoiaHR0cHM6XC9cL2Fzc2VtYmx5aG90ZWwuZ3JcL3dwLWNvbnRlbnRcL3VwbG9hZHNcLzIwMjZcLzAzXC9SZXN0X0lNR185MTM4LmpwZWciLCJzbGlkZXNob3ciOiI0OTMxNmU3In0%3D\">\n\t\t\t\t\t<div class=\"e-gallery-image elementor-gallery-item__image\" data-thumbnail=\"https:\/\/assemblyhotel.gr\/wp-content\/uploads\/2026\/03\/Rest_IMG_9138.jpeg\" data-width=\"900\" data-height=\"600\" aria-label=\"Assembly Event Hall\" role=\"img\" ><\/div>\n\t\t\t\t\t\t\t\t\t\t\t<div class=\"elementor-gallery-item__overlay\"><\/div>\n\t\t\t\t\t\t\t\t\t\t\t\t\t\t<\/a>\n\t\t\t\t\t\t\t<a class=\"e-gallery-item elementor-gallery-item elementor-animated-content\" href=\"https:\/\/assemblyhotel.gr\/wp-content\/uploads\/2026\/03\/Rest_IMG_9135.jpeg\" data-elementor-open-lightbox=\"yes\" data-elementor-lightbox-slideshow=\"49316e7\" data-elementor-lightbox-title=\"Assembly Event Hall\" data-e-action-hash=\"#elementor-action%3Aaction%3Dlightbox%26settings%3DeyJpZCI6MjA0OCwidXJsIjoiaHR0cHM6XC9cL2Fzc2VtYmx5aG90ZWwuZ3JcL3dwLWNvbnRlbnRcL3VwbG9hZHNcLzIwMjZcLzAzXC9SZXN0X0lNR185MTM1LmpwZWciLCJzbGlkZXNob3ciOiI0OTMxNmU3In0%3D\">\n\t\t\t\t\t<div class=\"e-gallery-image elementor-gallery-item__image\" data-thumbnail=\"https:\/\/assemblyhotel.gr\/wp-content\/uploads\/2026\/03\/Rest_IMG_9135.jpeg\" data-width=\"917\" data-height=\"600\" aria-label=\"Assembly Event Hall\" role=\"img\" ><\/div>\n\t\t\t\t\t\t\t\t\t\t\t<div class=\"elementor-gallery-item__overlay\"><\/div>\n\t\t\t\t\t\t\t\t\t\t\t\t\t\t<\/a>\n\t\t\t\t\t\t\t<a class=\"e-gallery-item elementor-gallery-item elementor-animated-content\" href=\"https:\/\/assemblyhotel.gr\/wp-content\/uploads\/2026\/03\/Rest_IMG_9146.jpeg\" data-elementor-open-lightbox=\"yes\" data-elementor-lightbox-slideshow=\"49316e7\" data-elementor-lightbox-title=\"Assembly Event Hall\" data-e-action-hash=\"#elementor-action%3Aaction%3Dlightbox%26settings%3DeyJpZCI6MjA0OSwidXJsIjoiaHR0cHM6XC9cL2Fzc2VtYmx5aG90ZWwuZ3JcL3dwLWNvbnRlbnRcL3VwbG9hZHNcLzIwMjZcLzAzXC9SZXN0X0lNR185MTQ2LmpwZWciLCJzbGlkZXNob3ciOiI0OTMxNmU3In0%3D\">\n\t\t\t\t\t<div class=\"e-gallery-image elementor-gallery-item__image\" data-thumbnail=\"https:\/\/assemblyhotel.gr\/wp-content\/uploads\/2026\/03\/Rest_IMG_9146.jpeg\" data-width=\"901\" data-height=\"600\" aria-label=\"Assembly Event Hall\" role=\"img\" ><\/div>\n\t\t\t\t\t\t\t\t\t\t\t<div class=\"elementor-gallery-item__overlay\"><\/div>\n\t\t\t\t\t\t\t\t\t\t\t\t\t\t<\/a>\n\t\t\t\t\t\t\t<a class=\"e-gallery-item elementor-gallery-item elementor-animated-content\" href=\"https:\/\/assemblyhotel.gr\/wp-content\/uploads\/2026\/03\/Rest_IMG_9149.jpeg\" data-elementor-open-lightbox=\"yes\" data-elementor-lightbox-slideshow=\"49316e7\" data-elementor-lightbox-title=\"Assembly Event Hall\" data-e-action-hash=\"#elementor-action%3Aaction%3Dlightbox%26settings%3DeyJpZCI6MjA1MCwidXJsIjoiaHR0cHM6XC9cL2Fzc2VtYmx5aG90ZWwuZ3JcL3dwLWNvbnRlbnRcL3VwbG9hZHNcLzIwMjZcLzAzXC9SZXN0X0lNR185MTQ5LmpwZWciLCJzbGlkZXNob3ciOiI0OTMxNmU3In0%3D\">\n\t\t\t\t\t<div class=\"e-gallery-image elementor-gallery-item__image\" data-thumbnail=\"https:\/\/assemblyhotel.gr\/wp-content\/uploads\/2026\/03\/Rest_IMG_9149.jpeg\" data-width=\"900\" data-height=\"600\" aria-label=\"Assembly Event Hall\" role=\"img\" ><\/div>\n\t\t\t\t\t\t\t\t\t\t\t<div class=\"elementor-gallery-item__overlay\"><\/div>\n\t\t\t\t\t\t\t\t\t\t\t\t\t\t<\/a>\n\t\t\t\t\t<\/div>\n\t\t\t\t\t<\/div>\n\t\t\t\t<\/div>\n\t\t\t\t<\/div>\n\t\t\t\t<\/div>\n\t\t\t\t\t<\/div>\n\t\t\t\t<\/div>\n\t\t\t\t<\/div>\n\t\t","protected":false},"excerpt":{"rendered":"<p>Veranstaltungshalle Veranstaltungshalle Assembly M\u00f6chten Sie Ihre G\u00e4ste nach Ihrer Hochzeit oder der Taufe Ihres Kindes verw\u00f6hnen? Planen Sie eine Feier oder eine Kinderparty? Unser Hotel bietet Ihnen den perfekten Rahmen daf\u00fcr. Mit Platz f\u00fcr 180 Personen k\u00f6nnen Sie in unserem stilvoll eingerichteten Saal speisen oder Cocktails in unserer Hotelbar genie\u00dfen. Auch unsere kleinen G\u00e4ste (ab [&hellip;]<\/p>\n","protected":false},"author":2,"featured_media":0,"parent":0,"menu_order":0,"comment_status":"closed","ping_status":"closed","template":"","meta":{"footnotes":""},"class_list":["post-2051","page","type-page","status-publish","hentry"],"yoast_head":"<!-- This site is optimized with the Yoast SEO plugin v27.4 - https:\/\/yoast.com\/product\/yoast-seo-wordpress\/ -->\n<title>Veranstaltungshalle - Assembly Hotel<\/title>\n<meta name=\"robots\" content=\"index, follow, max-snippet:-1, max-image-preview:large, max-video-preview:-1\" \/>\n<link rel=\"canonical\" href=\"https:\/\/assemblyhotel.gr\/de\/veranstaltungshalle\/\" \/>\n<meta property=\"og:locale\" content=\"de_DE\" \/>\n<meta property=\"og:type\" content=\"article\" \/>\n<meta property=\"og:title\" content=\"Veranstaltungshalle - Assembly Hotel\" \/>\n<meta property=\"og:description\" content=\"Veranstaltungshalle Veranstaltungshalle Assembly M\u00f6chten Sie Ihre G\u00e4ste nach Ihrer Hochzeit oder der Taufe Ihres Kindes verw\u00f6hnen? Planen Sie eine Feier oder eine Kinderparty? Unser Hotel bietet Ihnen den perfekten Rahmen daf\u00fcr. Mit Platz f\u00fcr 180 Personen k\u00f6nnen Sie in unserem stilvoll eingerichteten Saal speisen oder Cocktails in unserer Hotelbar genie\u00dfen. Auch unsere kleinen G\u00e4ste (ab [&hellip;]\" \/>\n<meta property=\"og:url\" content=\"https:\/\/assemblyhotel.gr\/de\/veranstaltungshalle\/\" \/>\n<meta property=\"og:site_name\" content=\"Assembly Hotel\" \/>\n<meta property=\"article:modified_time\" content=\"2026-03-27T12:27:28+00:00\" \/>\n<meta name=\"twitter:card\" content=\"summary_large_image\" \/>\n<meta name=\"twitter:label1\" content=\"Gesch\u00e4tzte Lesezeit\" \/>\n\t<meta name=\"twitter:data1\" content=\"1\u00a0Minute\" \/>\n<script type=\"application\/ld+json\" class=\"yoast-schema-graph\">{\"@context\":\"https:\\\/\\\/schema.org\",\"@graph\":[{\"@type\":\"WebPage\",\"@id\":\"https:\\\/\\\/assemblyhotel.gr\\\/de\\\/veranstaltungshalle\\\/\",\"url\":\"https:\\\/\\\/assemblyhotel.gr\\\/de\\\/veranstaltungshalle\\\/\",\"name\":\"Veranstaltungshalle - Assembly Hotel\",\"isPartOf\":{\"@id\":\"https:\\\/\\\/assemblyhotel.gr\\\/#website\"},\"datePublished\":\"2026-03-11T09:25:45+00:00\",\"dateModified\":\"2026-03-27T12:27:28+00:00\",\"breadcrumb\":{\"@id\":\"https:\\\/\\\/assemblyhotel.gr\\\/de\\\/veranstaltungshalle\\\/#breadcrumb\"},\"inLanguage\":\"de\",\"potentialAction\":[{\"@type\":\"ReadAction\",\"target\":[\"https:\\\/\\\/assemblyhotel.gr\\\/de\\\/veranstaltungshalle\\\/\"]}]},{\"@type\":\"BreadcrumbList\",\"@id\":\"https:\\\/\\\/assemblyhotel.gr\\\/de\\\/veranstaltungshalle\\\/#breadcrumb\",\"itemListElement\":[{\"@type\":\"ListItem\",\"position\":1,\"name\":\"\u0391\u03c1\u03c7\u03b9\u03ba\u03ae\",\"item\":\"https:\\\/\\\/assemblyhotel.gr\\\/de\\\/heim\\\/\"},{\"@type\":\"ListItem\",\"position\":2,\"name\":\"Veranstaltungshalle\"}]},{\"@type\":\"WebSite\",\"@id\":\"https:\\\/\\\/assemblyhotel.gr\\\/#website\",\"url\":\"https:\\\/\\\/assemblyhotel.gr\\\/\",\"name\":\"Assembly Hotel\",\"description\":\"\",\"publisher\":{\"@id\":\"https:\\\/\\\/assemblyhotel.gr\\\/#organization\"},\"potentialAction\":[{\"@type\":\"SearchAction\",\"target\":{\"@type\":\"EntryPoint\",\"urlTemplate\":\"https:\\\/\\\/assemblyhotel.gr\\\/?s={search_term_string}\"},\"query-input\":{\"@type\":\"PropertyValueSpecification\",\"valueRequired\":true,\"valueName\":\"search_term_string\"}}],\"inLanguage\":\"de\"},{\"@type\":\"Organization\",\"@id\":\"https:\\\/\\\/assemblyhotel.gr\\\/#organization\",\"name\":\"Assembly Hotel\",\"url\":\"https:\\\/\\\/assemblyhotel.gr\\\/\",\"logo\":{\"@type\":\"ImageObject\",\"inLanguage\":\"de\",\"@id\":\"https:\\\/\\\/assemblyhotel.gr\\\/#\\\/schema\\\/logo\\\/image\\\/\",\"url\":\"https:\\\/\\\/assemblyhotel.gr\\\/wp-content\\\/uploads\\\/2026\\\/03\\\/cropped-assembly-logo.png\",\"contentUrl\":\"https:\\\/\\\/assemblyhotel.gr\\\/wp-content\\\/uploads\\\/2026\\\/03\\\/cropped-assembly-logo.png\",\"width\":1200,\"height\":703,\"caption\":\"Assembly Hotel\"},\"image\":{\"@id\":\"https:\\\/\\\/assemblyhotel.gr\\\/#\\\/schema\\\/logo\\\/image\\\/\"}}]}<\/script>\n<!-- \/ Yoast SEO plugin. -->","yoast_head_json":{"title":"Veranstaltungshalle - Assembly Hotel","robots":{"index":"index","follow":"follow","max-snippet":"max-snippet:-1","max-image-preview":"max-image-preview:large","max-video-preview":"max-video-preview:-1"},"canonical":"https:\/\/assemblyhotel.gr\/de\/veranstaltungshalle\/","og_locale":"de_DE","og_type":"article","og_title":"Veranstaltungshalle - Assembly Hotel","og_description":"Veranstaltungshalle Veranstaltungshalle Assembly M\u00f6chten Sie Ihre G\u00e4ste nach Ihrer Hochzeit oder der Taufe Ihres Kindes verw\u00f6hnen? Planen Sie eine Feier oder eine Kinderparty? Unser Hotel bietet Ihnen den perfekten Rahmen daf\u00fcr. Mit Platz f\u00fcr 180 Personen k\u00f6nnen Sie in unserem stilvoll eingerichteten Saal speisen oder Cocktails in unserer Hotelbar genie\u00dfen. Auch unsere kleinen G\u00e4ste (ab [&hellip;]","og_url":"https:\/\/assemblyhotel.gr\/de\/veranstaltungshalle\/","og_site_name":"Assembly Hotel","article_modified_time":"2026-03-27T12:27:28+00:00","twitter_card":"summary_large_image","twitter_misc":{"Gesch\u00e4tzte Lesezeit":"1\u00a0Minute"},"schema":{"@context":"https:\/\/schema.org","@graph":[{"@type":"WebPage","@id":"https:\/\/assemblyhotel.gr\/de\/veranstaltungshalle\/","url":"https:\/\/assemblyhotel.gr\/de\/veranstaltungshalle\/","name":"Veranstaltungshalle - Assembly Hotel","isPartOf":{"@id":"https:\/\/assemblyhotel.gr\/#website"},"datePublished":"2026-03-11T09:25:45+00:00","dateModified":"2026-03-27T12:27:28+00:00","breadcrumb":{"@id":"https:\/\/assemblyhotel.gr\/de\/veranstaltungshalle\/#breadcrumb"},"inLanguage":"de","potentialAction":[{"@type":"ReadAction","target":["https:\/\/assemblyhotel.gr\/de\/veranstaltungshalle\/"]}]},{"@type":"BreadcrumbList","@id":"https:\/\/assemblyhotel.gr\/de\/veranstaltungshalle\/#breadcrumb","itemListElement":[{"@type":"ListItem","position":1,"name":"\u0391\u03c1\u03c7\u03b9\u03ba\u03ae","item":"https:\/\/assemblyhotel.gr\/de\/heim\/"},{"@type":"ListItem","position":2,"name":"Veranstaltungshalle"}]},{"@type":"WebSite","@id":"https:\/\/assemblyhotel.gr\/#website","url":"https:\/\/assemblyhotel.gr\/","name":"Assembly Hotel","description":"","publisher":{"@id":"https:\/\/assemblyhotel.gr\/#organization"},"potentialAction":[{"@type":"SearchAction","target":{"@type":"EntryPoint","urlTemplate":"https:\/\/assemblyhotel.gr\/?s={search_term_string}"},"query-input":{"@type":"PropertyValueSpecification","valueRequired":true,"valueName":"search_term_string"}}],"inLanguage":"de"},{"@type":"Organization","@id":"https:\/\/assemblyhotel.gr\/#organization","name":"Assembly Hotel","url":"https:\/\/assemblyhotel.gr\/","logo":{"@type":"ImageObject","inLanguage":"de","@id":"https:\/\/assemblyhotel.gr\/#\/schema\/logo\/image\/","url":"https:\/\/assemblyhotel.gr\/wp-content\/uploads\/2026\/03\/cropped-assembly-logo.png","contentUrl":"https:\/\/assemblyhotel.gr\/wp-content\/uploads\/2026\/03\/cropped-assembly-logo.png","width":1200,"height":703,"caption":"Assembly Hotel"},"image":{"@id":"https:\/\/assemblyhotel.gr\/#\/schema\/logo\/image\/"}}]}},"_links":{"self":[{"href":"https:\/\/assemblyhotel.gr\/de\/wp-json\/wp\/v2\/pages\/2051","targetHints":{"allow":["GET"]}}],"collection":[{"href":"https:\/\/assemblyhotel.gr\/de\/wp-json\/wp\/v2\/pages"}],"about":[{"href":"https:\/\/assemblyhotel.gr\/de\/wp-json\/wp\/v2\/types\/page"}],"author":[{"embeddable":true,"href":"https:\/\/assemblyhotel.gr\/de\/wp-json\/wp\/v2\/users\/2"}],"replies":[{"embeddable":true,"href":"https:\/\/assemblyhotel.gr\/de\/wp-json\/wp\/v2\/comments?post=2051"}],"version-history":[{"count":1,"href":"https:\/\/assemblyhotel.gr\/de\/wp-json\/wp\/v2\/pages\/2051\/revisions"}],"predecessor-version":[{"id":2052,"href":"https:\/\/assemblyhotel.gr\/de\/wp-json\/wp\/v2\/pages\/2051\/revisions\/2052"}],"wp:attachment":[{"href":"https:\/\/assemblyhotel.gr\/de\/wp-json\/wp\/v2\/media?parent=2051"}],"curies":[{"name":"wp","href":"https:\/\/api.w.org\/{rel}","templated":true}]}}