{"id":2037,"date":"2026-03-24T15:03:16","date_gmt":"2026-03-24T13:03:16","guid":{"rendered":"https:\/\/panagiotisn72.sg-host.com\/nutzungsbedingungen\/"},"modified":"2026-03-27T14:24:55","modified_gmt":"2026-03-27T12:24:55","slug":"nutzungsbedingungen","status":"publish","type":"page","link":"https:\/\/assemblyhotel.gr\/de\/nutzungsbedingungen\/","title":{"rendered":"Nutzungsbedingungen"},"content":{"rendered":"\t\t<div data-elementor-type=\"wp-page\" data-elementor-id=\"2037\" class=\"elementor elementor-2037 elementor-841\" data-elementor-post-type=\"page\">\n\t\t\t\t<div class=\"elementor-element elementor-element-96593b5 e-flex e-con-boxed e-con e-parent\" data-id=\"96593b5\" data-element_type=\"container\" data-e-type=\"container\" data-settings=\"{&quot;background_background&quot;:&quot;classic&quot;}\">\n\t\t\t\t\t<div class=\"e-con-inner\">\n\t\t\t\t<div class=\"elementor-element elementor-element-56d37f1 elementor-invisible elementor-widget elementor-widget-heading\" data-id=\"56d37f1\" data-element_type=\"widget\" data-e-type=\"widget\" data-settings=\"{&quot;_animation&quot;:&quot;fadeIn&quot;,&quot;_animation_mobile&quot;:&quot;none&quot;,&quot;_animation_delay&quot;:300}\" data-widget_type=\"heading.default\">\n\t\t\t\t\t<h2 class=\"elementor-heading-title elementor-size-default\">Nutzungsbedingungen<\/h2>\t\t\t\t<\/div>\n\t\t\t\t<div class=\"elementor-element elementor-element-07d7f99 elementor-invisible elementor-widget elementor-widget-text-editor\" data-id=\"07d7f99\" data-element_type=\"widget\" data-e-type=\"widget\" data-settings=\"{&quot;_animation&quot;:&quot;fadeIn&quot;,&quot;_animation_delay&quot;:300}\" data-widget_type=\"text-editor.default\">\n\t\t\t\t\t\t\t\t\t<p>Willkommen auf der Website des ASSEMBLY HOTEL. Zu Ihrem und unserem Schutz haben wir die folgenden Nutzungsbedingungen f\u00fcr diese Website festgelegt. M.A.L. TSAKIRI O.E. bietet auf dieser Website verschiedene Inhalte an, die alle diesen Nutzungsbedingungen unterliegen. Durch die Nutzung dieser Website erkl\u00e4ren Sie sich mit diesen Bedingungen einverstanden. Die Nutzungsbedingungen k\u00f6nnen sich jederzeit \u00e4ndern. Wir empfehlen Ihnen daher, diese Website regelm\u00e4\u00dfig zu besuchen. M.A.L. TSAKIRI O.E.<\/p><p> <\/p><p><strong>Rechte an geistigem Eigentum<\/strong><\/p><p>Der gesamte Inhalt der Website (www.assemblyhotel.gr) ist geistiges Eigentum der M.A.L. TSAKIRI O.E. Verantwortlich f\u00fcr Design, Struktur und Erstellung der Website ist UP MATE. Die Inhalte werden von der M.A.L. TSAKIRI O.E. verwaltet. Alle Elemente (Informationen, Bilder, Texte, Grafiken, Diagramme usw.) dieser Website unterliegen dem Urheberrecht. Der Inhalt dieser Website ist ausschlie\u00dflich f\u00fcr den pers\u00f6nlichen Gebrauch bestimmt. Jegliche Vervielf\u00e4ltigung, Speicherung, Verbreitung, Verkauf, Ver\u00f6ffentlichung, Auff\u00fchrung oder \u00dcbertragung zu jeglichem Zweck ist ohne die vorherige ausdr\u00fcckliche Zustimmung der Inhaberin, der M.A.L. TSAKIRI O.E., ausdr\u00fccklich untersagt.<\/p><p> <\/p><p><strong>Zugang und Nutzung<\/strong><\/p><p>Den Nutzern dieser Website ist es untersagt, ohne die vorherige ausdr\u00fcckliche Zustimmung des Beg\u00fcnstigten, M.A.L. TSAKIRI OE, automatische oder nicht-automatische Mittel (Spider, Roboter usw.) zum \u00dcberwachen oder Kopieren der Seiten von ASSEMBLY HOTEL oder anderer Inhalte der Website zu irgendeinem Zweck zu verwenden.<\/p><p> <\/p><p><strong>Haftungsausschluss<\/strong><\/p><p>M.A.L. TSAKIRI O.E. \u00fcbernimmt keine Gew\u00e4hr und haftet daher nicht f\u00fcr Fehler auf der Website, deren ununterbrochenen Betrieb oder f\u00fcr bestimmte Ergebnisse, die sich aus der Nutzung, den Inhalten, der Suche oder den darin enthaltenen Links ergeben. Die Website und ihre Inhalte werden im Ist-Zustand und nach Verf\u00fcgbarkeit bereitgestellt. M.A.L. TSAKIRI O.E. kann nicht garantieren, dass die auf der Website befindlichen Dateien keine Viren oder andere sch\u00e4dliche Inhalte f\u00fcr Ihren Computer enthalten. M.A.L. TSAKIRI O.E. schlie\u00dft jegliche Haftung aus, insbesondere die Gew\u00e4hrleistung der Handels\u00fcblichkeit und der Eignung f\u00fcr einen bestimmten Zweck. M.A.L. TSAKIRI O.E. haftet nicht f\u00fcr Sch\u00e4den oder sonstige Probleme, die durch die Nutzung dieser Website entstehen k\u00f6nnen. Dies umfasst insbesondere direkte, indirekte, zuf\u00e4llige, Straf- und Folgesch\u00e4den. M.A.L. TSAKIRI O.E. garantiert kein bestimmtes Ergebnis durch die Nutzung dieser Website oder dieses Dienstes. Die Website und alle ihre Inhalte k\u00f6nnen jederzeit ohne Vorank\u00fcndigung ge\u00e4ndert werden. M.A.L. TSAKIRI O.E. \u00fcbernimmt keine Haftung, weder einzeln noch gesamtschuldnerisch, f\u00fcr Abweichungen zwischen den Beschreibungen von Produkten und Dienstleistungen auf der Website und den tats\u00e4chlich im ASSEMBLY HOTEL angebotenen oder verf\u00fcgbaren Produkten und Dienstleistungen. \u00d6ffnungszeiten und Serviceleistungen von Bereichen wie Restaurants und Bars k\u00f6nnen sich je nach Wetterlage und anderen externen Faktoren \u00e4ndern. Links zu anderen Websites: Diese Website kann Links zu Websites Dritter (\u201eExterne Websites\u201c) enthalten, die nicht von M.A.L. TSAKIRI O.E. kontrolliert werden, mit Ausnahme des Online-Buchungssystems der ASSEMBLY HOTEL-Website. M.A.L. TSAKIRI O.E. \u00fcbernimmt keine Verantwortung f\u00fcr die Inhalte, Werbung, Produkte, Dienstleistungen oder sonstige Elemente solcher externen Websites. Dementsprechend ist M.A.L. TSAKIRI O.E. nicht verantwortlich f\u00fcr die Inhalte von Websites, die Links zur ASSEMBLY HOTEL-Website enthalten.<\/p><p> <\/p><p><strong>Newsletter<\/strong><\/p><p>\u03a4\u03b1 \u03b5\u03bd\u03b7\u03bc\u03b5\u03c1\u03c9\u03c4\u03b9\u03ba\u03ac \u03b4\u03b5\u03bb\u03c4\u03af\u03b1 (newsletters) \u03c4\u03b1 \u03bf\u03c0\u03bf\u03af\u03b1 \u03c4\u03bf \u03bc\u03ad\u03bb\u03bf\u03c2 \/ \u03b5\u03c0\u03b9\u03c3\u03ba\u03ad\u03c0\u03c4\u03b7\u03c2 \u03c4\u03c9\u03bd \u03c5\u03c0\u03b7\u03c1\u03b5\u03c3\u03b9\u03ce\u03bd \u03c4\u03bf\u03c5 www.assemblyhotel.gr \u03bb\u03b1\u03bc\u03b2\u03ac\u03bd\u03b5\u03b9 \u03b5\u03b8\u03b5\u03bb\u03bf\u03bd\u03c4\u03b9\u03ba\u03ac \u03bc\u03b5 \u03c4\u03b7\u03bd \u03b5\u03b3\u03b3\u03c1\u03b1\u03c6\u03ae \u03c4\u03bf\u03c5 \u03c3\u03c4\u03b9\u03c2 \u03bb\u03af\u03c3\u03c4\u03b5\u03c2 \u03c0\u03b1\u03c1\u03b1\u03bb\u03b7\u03c0\u03c4\u03ce\u03bd (mailing lists) \u03b1\u03c0\u03bf\u03c4\u03b5\u03bb\u03bf\u03cd\u03bd \u03c0\u03bd\u03b5\u03c5\u03bc\u03b1\u03c4\u03b9\u03ba\u03ae \u03b9\u03b4\u03b9\u03bf\u03ba\u03c4\u03b7\u03c3\u03af\u03b1 \u03c4\u03bf\u03c5 www.assemblyhotel.gr \u03ba\u03b1\u03b9 \u03c9\u03c2 \u03b5\u03ba \u03c4\u03bf\u03cd\u03c4\u03bf\u03c5 \u03c0\u03c1\u03bf\u03c3\u03c4\u03b1\u03c4\u03b5\u03cd\u03bf\u03bd\u03c4\u03b1\u03b9 \u03b1\u03c0\u03cc \u03c4\u03b7\u03c2 \u03c3\u03c7\u03b5\u03c4\u03b9\u03ba\u03ad\u03c2 \u03b4\u03b9\u03b1\u03c4\u03ac\u03be\u03b5\u03b9\u03c2 \u03c4\u03b7\u03c2 \u03b5\u03bb\u03bb\u03b7\u03bd\u03b9\u03ba\u03ae\u03c2 \u03bd\u03bf\u03bc\u03bf\u03b8\u03b5\u03c3\u03af\u03b1\u03c2 \u03ba\u03b1\u03b9 \u03c4\u03c9\u03bd \u03b4\u03b9\u03b5\u03b8\u03bd\u03ce\u03bd \u03c3\u03c5\u03bc\u03b2\u03ac\u03c3\u03b5\u03c9\u03bd. \u03a4\u03bf www.assemblyhotel.gr \u03b4\u03b9\u03b1\u03c4\u03b7\u03c1\u03b5\u03af \u03c4\u03bf \u03b4\u03b9\u03ba\u03b1\u03af\u03c9\u03bc\u03b1 \u03ac\u03c1\u03bd\u03b7\u03c3\u03b7\u03c2 \u03c4\u03b7\u03c2 \u03b5\u03b3\u03b3\u03c1\u03b1\u03c6\u03ae\u03c2 \u03ba\u03ac\u03c0\u03bf\u03b9\u03bf\u03c5 \u03c0\u03c1\u03bf\u03c3\u03ce\u03c0\u03bf\u03c5 \u03c3\u03c4\u03b9\u03c2 \u03bb\u03af\u03c3\u03c4\u03b5\u03c2 \u03c0\u03b1\u03c1\u03b1\u03bb\u03b7\u03c0\u03c4\u03ce\u03bd \u03ae \u03ba\u03b1\u03b9 \u03c4\u03b7\u03c2 \u03b4\u03b9\u03b1\u03b3\u03c1\u03b1\u03c6\u03ae\u03c2 \u03c4\u03bf\u03c5 \u03b1\u03c0\u03cc \u03b1\u03c5\u03c4\u03ad\u03c2. <\/p>\t\t\t\t\t\t\t\t<\/div>\n\t\t\t\t\t<\/div>\n\t\t\t\t<\/div>\n\t\t\t\t<\/div>\n\t\t","protected":false},"excerpt":{"rendered":"<p>Nutzungsbedingungen Willkommen auf der Website des ASSEMBLY HOTEL. Zu Ihrem und unserem Schutz haben wir die folgenden Nutzungsbedingungen f\u00fcr diese Website festgelegt. M.A.L. TSAKIRI O.E. bietet auf dieser Website verschiedene Inhalte an, die alle diesen Nutzungsbedingungen unterliegen. Durch die Nutzung dieser Website erkl\u00e4ren Sie sich mit diesen Bedingungen einverstanden. Die Nutzungsbedingungen k\u00f6nnen sich jederzeit \u00e4ndern. [&hellip;]<\/p>\n","protected":false},"author":2,"featured_media":0,"parent":0,"menu_order":0,"comment_status":"closed","ping_status":"closed","template":"","meta":{"footnotes":""},"class_list":["post-2037","page","type-page","status-publish","hentry"],"yoast_head":"<!-- This site is optimized with the Yoast SEO plugin v27.4 - https:\/\/yoast.com\/product\/yoast-seo-wordpress\/ -->\n<title>Nutzungsbedingungen - Assembly Hotel<\/title>\n<meta name=\"robots\" content=\"index, follow, max-snippet:-1, max-image-preview:large, max-video-preview:-1\" \/>\n<link rel=\"canonical\" href=\"https:\/\/assemblyhotel.gr\/terms-conditions\/\" \/>\n<meta property=\"og:locale\" content=\"de_DE\" \/>\n<meta property=\"og:type\" content=\"article\" \/>\n<meta property=\"og:title\" content=\"Nutzungsbedingungen - Assembly Hotel\" \/>\n<meta property=\"og:description\" content=\"Nutzungsbedingungen Willkommen auf der Website des ASSEMBLY HOTEL. Zu Ihrem und unserem Schutz haben wir die folgenden Nutzungsbedingungen f\u00fcr diese Website festgelegt. M.A.L. TSAKIRI O.E. bietet auf dieser Website verschiedene Inhalte an, die alle diesen Nutzungsbedingungen unterliegen. Durch die Nutzung dieser Website erkl\u00e4ren Sie sich mit diesen Bedingungen einverstanden. Die Nutzungsbedingungen k\u00f6nnen sich jederzeit \u00e4ndern. [&hellip;]\" \/>\n<meta property=\"og:url\" content=\"https:\/\/assemblyhotel.gr\/terms-conditions\/\" \/>\n<meta property=\"og:site_name\" content=\"Assembly Hotel\" \/>\n<meta property=\"article:modified_time\" content=\"2026-03-27T12:24:55+00:00\" \/>\n<meta name=\"twitter:card\" content=\"summary_large_image\" \/>\n<meta name=\"twitter:label1\" content=\"Gesch\u00e4tzte Lesezeit\" \/>\n\t<meta name=\"twitter:data1\" content=\"3\u00a0Minuten\" \/>\n<script type=\"application\/ld+json\" class=\"yoast-schema-graph\">{\"@context\":\"https:\\\/\\\/schema.org\",\"@graph\":[{\"@type\":\"WebPage\",\"@id\":\"https:\\\/\\\/assemblyhotel.gr\\\/terms-conditions\\\/\",\"url\":\"https:\\\/\\\/assemblyhotel.gr\\\/terms-conditions\\\/\",\"name\":\"Nutzungsbedingungen - Assembly Hotel\",\"isPartOf\":{\"@id\":\"https:\\\/\\\/assemblyhotel.gr\\\/#website\"},\"datePublished\":\"2026-03-24T13:03:16+00:00\",\"dateModified\":\"2026-03-27T12:24:55+00:00\",\"breadcrumb\":{\"@id\":\"https:\\\/\\\/assemblyhotel.gr\\\/terms-conditions\\\/#breadcrumb\"},\"inLanguage\":\"de\",\"potentialAction\":[{\"@type\":\"ReadAction\",\"target\":[\"https:\\\/\\\/assemblyhotel.gr\\\/terms-conditions\\\/\"]}]},{\"@type\":\"BreadcrumbList\",\"@id\":\"https:\\\/\\\/assemblyhotel.gr\\\/terms-conditions\\\/#breadcrumb\",\"itemListElement\":[{\"@type\":\"ListItem\",\"position\":1,\"name\":\"\u0391\u03c1\u03c7\u03b9\u03ba\u03ae\",\"item\":\"https:\\\/\\\/assemblyhotel.gr\\\/de\\\/heim\\\/\"},{\"@type\":\"ListItem\",\"position\":2,\"name\":\"Nutzungsbedingungen\"}]},{\"@type\":\"WebSite\",\"@id\":\"https:\\\/\\\/assemblyhotel.gr\\\/#website\",\"url\":\"https:\\\/\\\/assemblyhotel.gr\\\/\",\"name\":\"Assembly Hotel\",\"description\":\"\",\"publisher\":{\"@id\":\"https:\\\/\\\/assemblyhotel.gr\\\/#organization\"},\"potentialAction\":[{\"@type\":\"SearchAction\",\"target\":{\"@type\":\"EntryPoint\",\"urlTemplate\":\"https:\\\/\\\/assemblyhotel.gr\\\/?s={search_term_string}\"},\"query-input\":{\"@type\":\"PropertyValueSpecification\",\"valueRequired\":true,\"valueName\":\"search_term_string\"}}],\"inLanguage\":\"de\"},{\"@type\":\"Organization\",\"@id\":\"https:\\\/\\\/assemblyhotel.gr\\\/#organization\",\"name\":\"Assembly Hotel\",\"url\":\"https:\\\/\\\/assemblyhotel.gr\\\/\",\"logo\":{\"@type\":\"ImageObject\",\"inLanguage\":\"de\",\"@id\":\"https:\\\/\\\/assemblyhotel.gr\\\/#\\\/schema\\\/logo\\\/image\\\/\",\"url\":\"https:\\\/\\\/assemblyhotel.gr\\\/wp-content\\\/uploads\\\/2026\\\/03\\\/cropped-assembly-logo.png\",\"contentUrl\":\"https:\\\/\\\/assemblyhotel.gr\\\/wp-content\\\/uploads\\\/2026\\\/03\\\/cropped-assembly-logo.png\",\"width\":1200,\"height\":703,\"caption\":\"Assembly Hotel\"},\"image\":{\"@id\":\"https:\\\/\\\/assemblyhotel.gr\\\/#\\\/schema\\\/logo\\\/image\\\/\"}}]}<\/script>\n<!-- \/ Yoast SEO plugin. -->","yoast_head_json":{"title":"Nutzungsbedingungen - Assembly Hotel","robots":{"index":"index","follow":"follow","max-snippet":"max-snippet:-1","max-image-preview":"max-image-preview:large","max-video-preview":"max-video-preview:-1"},"canonical":"https:\/\/assemblyhotel.gr\/terms-conditions\/","og_locale":"de_DE","og_type":"article","og_title":"Nutzungsbedingungen - Assembly Hotel","og_description":"Nutzungsbedingungen Willkommen auf der Website des ASSEMBLY HOTEL. Zu Ihrem und unserem Schutz haben wir die folgenden Nutzungsbedingungen f\u00fcr diese Website festgelegt. M.A.L. TSAKIRI O.E. bietet auf dieser Website verschiedene Inhalte an, die alle diesen Nutzungsbedingungen unterliegen. Durch die Nutzung dieser Website erkl\u00e4ren Sie sich mit diesen Bedingungen einverstanden. Die Nutzungsbedingungen k\u00f6nnen sich jederzeit \u00e4ndern. [&hellip;]","og_url":"https:\/\/assemblyhotel.gr\/terms-conditions\/","og_site_name":"Assembly Hotel","article_modified_time":"2026-03-27T12:24:55+00:00","twitter_card":"summary_large_image","twitter_misc":{"Gesch\u00e4tzte Lesezeit":"3\u00a0Minuten"},"schema":{"@context":"https:\/\/schema.org","@graph":[{"@type":"WebPage","@id":"https:\/\/assemblyhotel.gr\/terms-conditions\/","url":"https:\/\/assemblyhotel.gr\/terms-conditions\/","name":"Nutzungsbedingungen - Assembly Hotel","isPartOf":{"@id":"https:\/\/assemblyhotel.gr\/#website"},"datePublished":"2026-03-24T13:03:16+00:00","dateModified":"2026-03-27T12:24:55+00:00","breadcrumb":{"@id":"https:\/\/assemblyhotel.gr\/terms-conditions\/#breadcrumb"},"inLanguage":"de","potentialAction":[{"@type":"ReadAction","target":["https:\/\/assemblyhotel.gr\/terms-conditions\/"]}]},{"@type":"BreadcrumbList","@id":"https:\/\/assemblyhotel.gr\/terms-conditions\/#breadcrumb","itemListElement":[{"@type":"ListItem","position":1,"name":"\u0391\u03c1\u03c7\u03b9\u03ba\u03ae","item":"https:\/\/assemblyhotel.gr\/de\/heim\/"},{"@type":"ListItem","position":2,"name":"Nutzungsbedingungen"}]},{"@type":"WebSite","@id":"https:\/\/assemblyhotel.gr\/#website","url":"https:\/\/assemblyhotel.gr\/","name":"Assembly Hotel","description":"","publisher":{"@id":"https:\/\/assemblyhotel.gr\/#organization"},"potentialAction":[{"@type":"SearchAction","target":{"@type":"EntryPoint","urlTemplate":"https:\/\/assemblyhotel.gr\/?s={search_term_string}"},"query-input":{"@type":"PropertyValueSpecification","valueRequired":true,"valueName":"search_term_string"}}],"inLanguage":"de"},{"@type":"Organization","@id":"https:\/\/assemblyhotel.gr\/#organization","name":"Assembly Hotel","url":"https:\/\/assemblyhotel.gr\/","logo":{"@type":"ImageObject","inLanguage":"de","@id":"https:\/\/assemblyhotel.gr\/#\/schema\/logo\/image\/","url":"https:\/\/assemblyhotel.gr\/wp-content\/uploads\/2026\/03\/cropped-assembly-logo.png","contentUrl":"https:\/\/assemblyhotel.gr\/wp-content\/uploads\/2026\/03\/cropped-assembly-logo.png","width":1200,"height":703,"caption":"Assembly Hotel"},"image":{"@id":"https:\/\/assemblyhotel.gr\/#\/schema\/logo\/image\/"}}]}},"_links":{"self":[{"href":"https:\/\/assemblyhotel.gr\/de\/wp-json\/wp\/v2\/pages\/2037","targetHints":{"allow":["GET"]}}],"collection":[{"href":"https:\/\/assemblyhotel.gr\/de\/wp-json\/wp\/v2\/pages"}],"about":[{"href":"https:\/\/assemblyhotel.gr\/de\/wp-json\/wp\/v2\/types\/page"}],"author":[{"embeddable":true,"href":"https:\/\/assemblyhotel.gr\/de\/wp-json\/wp\/v2\/users\/2"}],"replies":[{"embeddable":true,"href":"https:\/\/assemblyhotel.gr\/de\/wp-json\/wp\/v2\/comments?post=2037"}],"version-history":[{"count":1,"href":"https:\/\/assemblyhotel.gr\/de\/wp-json\/wp\/v2\/pages\/2037\/revisions"}],"predecessor-version":[{"id":2038,"href":"https:\/\/assemblyhotel.gr\/de\/wp-json\/wp\/v2\/pages\/2037\/revisions\/2038"}],"wp:attachment":[{"href":"https:\/\/assemblyhotel.gr\/de\/wp-json\/wp\/v2\/media?parent=2037"}],"curies":[{"name":"wp","href":"https:\/\/api.w.org\/{rel}","templated":true}]}}